{"id":9165,"date":"2024-05-16T16:49:52","date_gmt":"2024-05-16T14:49:52","guid":{"rendered":"https:\/\/www.hostin.sk\/produkt\/plasic-vtakov-sova-solar-2\/"},"modified":"2025-07-02T09:48:57","modified_gmt":"2025-07-02T07:48:57","slug":"vogelscheuche-eule-solar","status":"publish","type":"product","link":"https:\/\/www.hostin.sk\/de\/produkt\/vogelscheuche-eule-solar\/","title":{"rendered":"Vogelscheuche \u2013 Eule SOLAR+"},"content":{"rendered":"<p data-start=\"39\" data-end=\"172\">Die Vogelscheuche \u2013 Eule SOLAR+ dient zur Abschreckung von V\u00f6geln und Nagetieren im Garten und in der Umgebung von Wohnh\u00e4usern.\u00a0Dieses Modell verf\u00fcgt \u00fcber eine <strong>solarbetriebene Stromversorgung<\/strong> mit Batterie, die ein gesteuertes Drehen des Kopfes mit leuchtenden Augen erm\u00f6glicht. Zudem bietet es eine optionale Soundfunktion, die den Ruf einer Eule nachahmt.\u00a0Die Abschreckungsmechanismen werden durch einen <strong>360\u00b0-Bewegungssensor<\/strong> gesteuert, was die Wirksamkeit dieses Produkts erheblich erh\u00f6ht.<\/p>\n","protected":false},"excerpt":{"rendered":"<p>Lebensechtes solarbetriebenes 3D-Modell eines heimischen Greifvogels \u2013 Eule mit Bewegungssensor.<\/p>\n","protected":false},"featured_media":8771,"template":"","meta":{"_acf_changed":false},"product_brand":[],"product_cat":[123],"product_tag":[],"class_list":{"0":"post-9165","1":"product","2":"type-product","3":"status-publish","4":"has-post-thumbnail","6":"product_cat-greifvogel-attrappen","8":"first","9":"instock","10":"taxable","11":"shipping-taxable","12":"purchasable","13":"product-type-simple"},"acf":[],"yoast_head":"<!-- This site is optimized with the Yoast SEO plugin v27.4 - https:\/\/yoast.com\/product\/yoast-seo-wordpress\/ -->\n<title>Vogelscheuche \u2013 Eule SOLAR+ - HOSTIN<\/title>\n<meta name=\"description\" content=\"Pla\u0161i\u010d vt\u00e1kov Sova SOLAR+ s inteligentn\u00fdm sol\u00e1rnym nap\u00e1jan\u00edm a bat\u00e9riou pre maxim\u00e1lnu \u00fa\u010dinnos\u0165. So svietiacimi o\u010dami a zvukov\u00fdm efektom.\" \/>\n<meta name=\"robots\" content=\"index, follow, max-snippet:-1, max-image-preview:large, max-video-preview:-1\" \/>\n<link rel=\"canonical\" href=\"https:\/\/www.hostin.sk\/de\/produkt\/vogelscheuche-eule-solar\/\" \/>\n<meta property=\"og:locale\" content=\"de_DE\" \/>\n<meta property=\"og:type\" content=\"article\" \/>\n<meta property=\"og:title\" content=\"Vogelscheuche \u2013 Eule SOLAR+ - HOSTIN\" \/>\n<meta property=\"og:description\" content=\"Pla\u0161i\u010d vt\u00e1kov Sova SOLAR+ s inteligentn\u00fdm sol\u00e1rnym nap\u00e1jan\u00edm a bat\u00e9riou pre maxim\u00e1lnu \u00fa\u010dinnos\u0165. So svietiacimi o\u010dami a zvukov\u00fdm efektom.\" \/>\n<meta property=\"og:url\" content=\"https:\/\/www.hostin.sk\/de\/produkt\/vogelscheuche-eule-solar\/\" \/>\n<meta property=\"og:site_name\" content=\"HOSTIN\" \/>\n<meta property=\"article:modified_time\" content=\"2025-07-02T07:48:57+00:00\" \/>\n<meta property=\"og:image\" content=\"https:\/\/www.hostin.sk\/wp-content\/uploads\/2024\/05\/Plas\u030cic\u030c-vta\u0301kov-\u2013-Sova-2.jpg\" \/>\n\t<meta property=\"og:image:width\" content=\"500\" \/>\n\t<meta property=\"og:image:height\" content=\"321\" \/>\n\t<meta property=\"og:image:type\" content=\"image\/jpeg\" \/>\n<meta name=\"twitter:card\" content=\"summary_large_image\" \/>\n<meta name=\"twitter:label1\" content=\"Gesch\u00e4tzte Lesezeit\" \/>\n\t<meta name=\"twitter:data1\" content=\"1\u00a0Minute\" \/>\n<script type=\"application\/ld+json\" class=\"yoast-schema-graph\">{\"@context\":\"https:\\\/\\\/schema.org\",\"@graph\":[{\"@type\":\"WebPage\",\"@id\":\"https:\\\/\\\/www.hostin.sk\\\/de\\\/produkt\\\/vogelscheuche-eule-solar\\\/\",\"url\":\"https:\\\/\\\/www.hostin.sk\\\/de\\\/produkt\\\/vogelscheuche-eule-solar\\\/\",\"name\":\"Vogelscheuche \u2013 Eule SOLAR+ - HOSTIN\",\"isPartOf\":{\"@id\":\"https:\\\/\\\/www.hostin.sk\\\/#website\"},\"primaryImageOfPage\":{\"@id\":\"https:\\\/\\\/www.hostin.sk\\\/de\\\/produkt\\\/vogelscheuche-eule-solar\\\/#primaryimage\"},\"image\":{\"@id\":\"https:\\\/\\\/www.hostin.sk\\\/de\\\/produkt\\\/vogelscheuche-eule-solar\\\/#primaryimage\"},\"thumbnailUrl\":\"https:\\\/\\\/www.hostin.sk\\\/wp-content\\\/uploads\\\/2024\\\/05\\\/Plas\u030cic\u030c-vta\u0301kov-\u2013-Sova-2.jpg\",\"datePublished\":\"2024-05-16T14:49:52+00:00\",\"dateModified\":\"2025-07-02T07:48:57+00:00\",\"description\":\"Pla\u0161i\u010d vt\u00e1kov Sova SOLAR+ s inteligentn\u00fdm sol\u00e1rnym nap\u00e1jan\u00edm a bat\u00e9riou pre maxim\u00e1lnu \u00fa\u010dinnos\u0165. So svietiacimi o\u010dami a zvukov\u00fdm efektom.\",\"breadcrumb\":{\"@id\":\"https:\\\/\\\/www.hostin.sk\\\/de\\\/produkt\\\/vogelscheuche-eule-solar\\\/#breadcrumb\"},\"inLanguage\":\"de\",\"potentialAction\":[{\"@type\":\"ReadAction\",\"target\":[\"https:\\\/\\\/www.hostin.sk\\\/de\\\/produkt\\\/vogelscheuche-eule-solar\\\/\"]}]},{\"@type\":\"ImageObject\",\"inLanguage\":\"de\",\"@id\":\"https:\\\/\\\/www.hostin.sk\\\/de\\\/produkt\\\/vogelscheuche-eule-solar\\\/#primaryimage\",\"url\":\"https:\\\/\\\/www.hostin.sk\\\/wp-content\\\/uploads\\\/2024\\\/05\\\/Plas\u030cic\u030c-vta\u0301kov-\u2013-Sova-2.jpg\",\"contentUrl\":\"https:\\\/\\\/www.hostin.sk\\\/wp-content\\\/uploads\\\/2024\\\/05\\\/Plas\u030cic\u030c-vta\u0301kov-\u2013-Sova-2.jpg\",\"width\":500,\"height\":321},{\"@type\":\"BreadcrumbList\",\"@id\":\"https:\\\/\\\/www.hostin.sk\\\/de\\\/produkt\\\/vogelscheuche-eule-solar\\\/#breadcrumb\",\"itemListElement\":[{\"@type\":\"ListItem\",\"position\":1,\"name\":\"Domov\",\"item\":\"https:\\\/\\\/www.hostin.sk\\\/de\\\/\"},{\"@type\":\"ListItem\",\"position\":2,\"name\":\"E-shop\",\"item\":\"https:\\\/\\\/www.hostin.sk\\\/de\\\/e-shop\\\/\"},{\"@type\":\"ListItem\",\"position\":3,\"name\":\"Z\u00e1brany pod\u013ea prevedenia\",\"item\":\"https:\\\/\\\/www.hostin.sk\\\/kategoria-produktu\\\/podla-prevedenia\\\/\"},{\"@type\":\"ListItem\",\"position\":4,\"name\":\"Pla\u0161i\u010de\",\"item\":\"https:\\\/\\\/www.hostin.sk\\\/kategoria-produktu\\\/podla-prevedenia\\\/plasice\\\/\"},{\"@type\":\"ListItem\",\"position\":5,\"name\":\"Modely dravcov\",\"item\":\"https:\\\/\\\/www.hostin.sk\\\/kategoria-produktu\\\/plasice\\\/modely-dravcov\\\/\"},{\"@type\":\"ListItem\",\"position\":6,\"name\":\"Vogelscheuche \u2013 Eule SOLAR+\"}]},{\"@type\":\"WebSite\",\"@id\":\"https:\\\/\\\/www.hostin.sk\\\/#website\",\"url\":\"https:\\\/\\\/www.hostin.sk\\\/\",\"name\":\"HOSTIN\",\"description\":\"Hroty proti vt\u00e1kom\",\"potentialAction\":[{\"@type\":\"SearchAction\",\"target\":{\"@type\":\"EntryPoint\",\"urlTemplate\":\"https:\\\/\\\/www.hostin.sk\\\/?s={search_term_string}\"},\"query-input\":{\"@type\":\"PropertyValueSpecification\",\"valueRequired\":true,\"valueName\":\"search_term_string\"}}],\"inLanguage\":\"de\"}]}<\/script>\n<!-- \/ Yoast SEO plugin. -->","yoast_head_json":{"title":"Vogelscheuche \u2013 Eule SOLAR+ - HOSTIN","description":"Pla\u0161i\u010d vt\u00e1kov Sova SOLAR+ s inteligentn\u00fdm sol\u00e1rnym nap\u00e1jan\u00edm a bat\u00e9riou pre maxim\u00e1lnu \u00fa\u010dinnos\u0165. So svietiacimi o\u010dami a zvukov\u00fdm efektom.","robots":{"index":"index","follow":"follow","max-snippet":"max-snippet:-1","max-image-preview":"max-image-preview:large","max-video-preview":"max-video-preview:-1"},"canonical":"https:\/\/www.hostin.sk\/de\/produkt\/vogelscheuche-eule-solar\/","og_locale":"de_DE","og_type":"article","og_title":"Vogelscheuche \u2013 Eule SOLAR+ - HOSTIN","og_description":"Pla\u0161i\u010d vt\u00e1kov Sova SOLAR+ s inteligentn\u00fdm sol\u00e1rnym nap\u00e1jan\u00edm a bat\u00e9riou pre maxim\u00e1lnu \u00fa\u010dinnos\u0165. So svietiacimi o\u010dami a zvukov\u00fdm efektom.","og_url":"https:\/\/www.hostin.sk\/de\/produkt\/vogelscheuche-eule-solar\/","og_site_name":"HOSTIN","article_modified_time":"2025-07-02T07:48:57+00:00","og_image":[{"width":500,"height":321,"url":"https:\/\/www.hostin.sk\/wp-content\/uploads\/2024\/05\/Plas\u030cic\u030c-vta\u0301kov-\u2013-Sova-2.jpg","type":"image\/jpeg"}],"twitter_card":"summary_large_image","twitter_misc":{"Gesch\u00e4tzte Lesezeit":"1\u00a0Minute"},"schema":{"@context":"https:\/\/schema.org","@graph":[{"@type":"WebPage","@id":"https:\/\/www.hostin.sk\/de\/produkt\/vogelscheuche-eule-solar\/","url":"https:\/\/www.hostin.sk\/de\/produkt\/vogelscheuche-eule-solar\/","name":"Vogelscheuche \u2013 Eule SOLAR+ - HOSTIN","isPartOf":{"@id":"https:\/\/www.hostin.sk\/#website"},"primaryImageOfPage":{"@id":"https:\/\/www.hostin.sk\/de\/produkt\/vogelscheuche-eule-solar\/#primaryimage"},"image":{"@id":"https:\/\/www.hostin.sk\/de\/produkt\/vogelscheuche-eule-solar\/#primaryimage"},"thumbnailUrl":"https:\/\/www.hostin.sk\/wp-content\/uploads\/2024\/05\/Plas\u030cic\u030c-vta\u0301kov-\u2013-Sova-2.jpg","datePublished":"2024-05-16T14:49:52+00:00","dateModified":"2025-07-02T07:48:57+00:00","description":"Pla\u0161i\u010d vt\u00e1kov Sova SOLAR+ s inteligentn\u00fdm sol\u00e1rnym nap\u00e1jan\u00edm a bat\u00e9riou pre maxim\u00e1lnu \u00fa\u010dinnos\u0165. So svietiacimi o\u010dami a zvukov\u00fdm efektom.","breadcrumb":{"@id":"https:\/\/www.hostin.sk\/de\/produkt\/vogelscheuche-eule-solar\/#breadcrumb"},"inLanguage":"de","potentialAction":[{"@type":"ReadAction","target":["https:\/\/www.hostin.sk\/de\/produkt\/vogelscheuche-eule-solar\/"]}]},{"@type":"ImageObject","inLanguage":"de","@id":"https:\/\/www.hostin.sk\/de\/produkt\/vogelscheuche-eule-solar\/#primaryimage","url":"https:\/\/www.hostin.sk\/wp-content\/uploads\/2024\/05\/Plas\u030cic\u030c-vta\u0301kov-\u2013-Sova-2.jpg","contentUrl":"https:\/\/www.hostin.sk\/wp-content\/uploads\/2024\/05\/Plas\u030cic\u030c-vta\u0301kov-\u2013-Sova-2.jpg","width":500,"height":321},{"@type":"BreadcrumbList","@id":"https:\/\/www.hostin.sk\/de\/produkt\/vogelscheuche-eule-solar\/#breadcrumb","itemListElement":[{"@type":"ListItem","position":1,"name":"Domov","item":"https:\/\/www.hostin.sk\/de\/"},{"@type":"ListItem","position":2,"name":"E-shop","item":"https:\/\/www.hostin.sk\/de\/e-shop\/"},{"@type":"ListItem","position":3,"name":"Z\u00e1brany pod\u013ea prevedenia","item":"https:\/\/www.hostin.sk\/kategoria-produktu\/podla-prevedenia\/"},{"@type":"ListItem","position":4,"name":"Pla\u0161i\u010de","item":"https:\/\/www.hostin.sk\/kategoria-produktu\/podla-prevedenia\/plasice\/"},{"@type":"ListItem","position":5,"name":"Modely dravcov","item":"https:\/\/www.hostin.sk\/kategoria-produktu\/plasice\/modely-dravcov\/"},{"@type":"ListItem","position":6,"name":"Vogelscheuche \u2013 Eule SOLAR+"}]},{"@type":"WebSite","@id":"https:\/\/www.hostin.sk\/#website","url":"https:\/\/www.hostin.sk\/","name":"HOSTIN","description":"Hroty proti vt\u00e1kom","potentialAction":[{"@type":"SearchAction","target":{"@type":"EntryPoint","urlTemplate":"https:\/\/www.hostin.sk\/?s={search_term_string}"},"query-input":{"@type":"PropertyValueSpecification","valueRequired":true,"valueName":"search_term_string"}}],"inLanguage":"de"}]}},"_links":{"self":[{"href":"https:\/\/www.hostin.sk\/de\/wp-json\/wp\/v2\/product\/9165","targetHints":{"allow":["GET"]}}],"collection":[{"href":"https:\/\/www.hostin.sk\/de\/wp-json\/wp\/v2\/product"}],"about":[{"href":"https:\/\/www.hostin.sk\/de\/wp-json\/wp\/v2\/types\/product"}],"wp:featuredmedia":[{"embeddable":true,"href":"https:\/\/www.hostin.sk\/de\/wp-json\/wp\/v2\/media\/8771"}],"wp:attachment":[{"href":"https:\/\/www.hostin.sk\/de\/wp-json\/wp\/v2\/media?parent=9165"}],"wp:term":[{"taxonomy":"product_brand","embeddable":true,"href":"https:\/\/www.hostin.sk\/de\/wp-json\/wp\/v2\/product_brand?post=9165"},{"taxonomy":"product_cat","embeddable":true,"href":"https:\/\/www.hostin.sk\/de\/wp-json\/wp\/v2\/product_cat?post=9165"},{"taxonomy":"product_tag","embeddable":true,"href":"https:\/\/www.hostin.sk\/de\/wp-json\/wp\/v2\/product_tag?post=9165"}],"curies":[{"name":"wp","href":"https:\/\/api.w.org\/{rel}","templated":true}]}}