{"id":9155,"date":"2018-03-20T08:34:08","date_gmt":"2018-03-20T07:34:08","guid":{"rendered":"https:\/\/www.hostin.sk\/produkt\/dvojradova-hrotova-zabrana-proti-vtakom\/"},"modified":"2025-07-01T00:00:41","modified_gmt":"2025-06-30T22:00:41","slug":"zweireihige-spitzenabwehr-gegen-voegel-2","status":"publish","type":"product","link":"https:\/\/www.hostin.sk\/de\/produkt\/zweireihige-spitzenabwehr-gegen-voegel-2\/","title":{"rendered":"Zweireihige Spitzenabwehr gegen V\u00f6gel"},"content":{"rendered":"<p>Edelstahlvogelabwehr in Form von Spitzen geh\u00f6ren zu den am h\u00e4ufigsten verwendeten Vogelabwehrsystemen.\u00a0Sie werden zum Schutz von Fassaden, Regenrinnen, Balken oder anderen ebenen Fl\u00e4chen eingesetzt. Die Spikes <strong>verhindern mechanisch<\/strong> den Zugang von <strong>V\u00f6geln<\/strong> (z. B. Tauben, Rauch-, Mehlschwalben, Kr\u00e4hen usw.) zu gesch\u00fctzten Bereichen, unterbinden den Nestbau und vermeiden die Ansammlung von Vogelkot. Schmalere, zweireihige Spikes eignen sich besonders gut als Schutz auf Balkonen, Fensterb\u00e4nken, Konstruktionen und verschiedenen Oberfl\u00e4chen wie Holz, Metall, Beton und Kunststoff.<\/p>\n<p><strong>Installation<\/strong><\/p>\n<p>Ein gro\u00dfer Vorteil der Spitzenabwehr gegen V\u00f6gel ist ihre dauerhafte Wirksamkeit in Kombination mit einer\u00a0<strong>einfachen Installation<\/strong>. Der Grundtr\u00e4ger kann mit einer Blechschere auf die gew\u00fcnschte L\u00e4nge gek\u00fcrzt und mit Silikon,\u00a0<a href=\"https:\/\/www.hostin.sk\/produkt\/mamut-glue-clear-uv-290ml\/\">Kleber<\/a>\u00a0oder\u00a0Schrauben befestigt werden.\u00a0Vor der Montage muss die Oberfl\u00e4che gereinigt und\u00a0<a href=\"https:\/\/www.hostin.sk\/produkt\/odmastovac-technicky-benzin-1-l\/\">entfettet<\/a> werden.<\/p>\n","protected":false},"excerpt":{"rendered":"<p data-pm-slice=\"1 1 []\">Diese vollst\u00e4ndig aus Edelstahl gefertigte Vogelabwehr mit zwei Reihen Spitzen f\u00fcr breitere Fl\u00e4chen (Schutzbreite bis 12 cm) ist besonders geeignet f\u00fcr die Absicherung von Konsolen, Tr\u00e4gern, schmalen Fensterb\u00e4nken und Gesimsen. Sie kann sowohl f\u00fcr einreihige als auch mehrreihige Installationen auf breiteren Fl\u00e4chen verwendet werden.\u00a0Sie sch\u00fctzt effektiv offene Fl\u00e4chen sowie einseitig geschlossene Bereiche.<\/p>\n","protected":false},"featured_media":8030,"template":"","meta":{"_acf_changed":false},"product_brand":[],"product_cat":[113,132,134,139,141,143],"product_tag":[],"class_list":{"0":"post-9155","1":"product","2":"type-product","3":"status-publish","4":"has-post-thumbnail","6":"product_cat-2-reihige-spitzenabwehr","7":"product_cat-fuer-balkone","8":"product_cat-fuer-fensterbaenke","9":"product_cat-fuer-metallkonstruktionen-fuer-schmale-bereiche","10":"product_cat-gegen-greifvoegel-moewen","11":"product_cat-gegen-tauben","13":"first","14":"instock","15":"sale","16":"taxable","17":"shipping-taxable","18":"purchasable","19":"product-type-variable"},"acf":[],"yoast_head":"<!-- This site is optimized with the Yoast SEO plugin v27.4 - https:\/\/yoast.com\/product\/yoast-seo-wordpress\/ -->\n<title>Zweireihige Spitzenabwehr gegen V\u00f6gel - HOSTIN<\/title>\n<meta name=\"robots\" content=\"index, follow, max-snippet:-1, max-image-preview:large, max-video-preview:-1\" \/>\n<link rel=\"canonical\" href=\"https:\/\/www.hostin.sk\/de\/produkt\/zweireihige-spitzenabwehr-gegen-voegel-2\/\" \/>\n<meta property=\"og:locale\" content=\"de_DE\" \/>\n<meta property=\"og:type\" content=\"article\" \/>\n<meta property=\"og:title\" content=\"Zweireihige Spitzenabwehr gegen V\u00f6gel - HOSTIN\" \/>\n<meta property=\"og:description\" content=\"Diese vollst\u00e4ndig aus Edelstahl gefertigte Vogelabwehr mit zwei Reihen Spitzen f\u00fcr breitere Fl\u00e4chen (Schutzbreite bis 12 cm) ist besonders geeignet f\u00fcr die Absicherung von Konsolen, Tr\u00e4gern, schmalen Fensterb\u00e4nken und Gesimsen. Sie kann sowohl f\u00fcr einreihige als auch mehrreihige Installationen auf breiteren Fl\u00e4chen verwendet werden.\u00a0Sie sch\u00fctzt effektiv offene Fl\u00e4chen sowie einseitig geschlossene Bereiche.\" \/>\n<meta property=\"og:url\" content=\"https:\/\/www.hostin.sk\/de\/produkt\/zweireihige-spitzenabwehr-gegen-voegel-2\/\" \/>\n<meta property=\"og:site_name\" content=\"HOSTIN\" \/>\n<meta property=\"article:modified_time\" content=\"2025-06-30T22:00:41+00:00\" \/>\n<meta property=\"og:image\" content=\"https:\/\/www.hostin.sk\/wp-content\/uploads\/2018\/03\/PL2T18S-115-1000-800x800-1.jpg\" \/>\n\t<meta property=\"og:image:width\" content=\"800\" \/>\n\t<meta property=\"og:image:height\" content=\"800\" \/>\n\t<meta property=\"og:image:type\" content=\"image\/jpeg\" \/>\n<meta name=\"twitter:card\" content=\"summary_large_image\" \/>\n<meta name=\"twitter:label1\" content=\"Gesch\u00e4tzte Lesezeit\" \/>\n\t<meta name=\"twitter:data1\" content=\"1\u00a0Minute\" \/>\n<script type=\"application\/ld+json\" class=\"yoast-schema-graph\">{\"@context\":\"https:\\\/\\\/schema.org\",\"@graph\":[{\"@type\":\"WebPage\",\"@id\":\"https:\\\/\\\/www.hostin.sk\\\/de\\\/produkt\\\/zweireihige-spitzenabwehr-gegen-voegel-2\\\/\",\"url\":\"https:\\\/\\\/www.hostin.sk\\\/de\\\/produkt\\\/zweireihige-spitzenabwehr-gegen-voegel-2\\\/\",\"name\":\"Zweireihige Spitzenabwehr gegen V\u00f6gel - HOSTIN\",\"isPartOf\":{\"@id\":\"https:\\\/\\\/www.hostin.sk\\\/#website\"},\"primaryImageOfPage\":{\"@id\":\"https:\\\/\\\/www.hostin.sk\\\/de\\\/produkt\\\/zweireihige-spitzenabwehr-gegen-voegel-2\\\/#primaryimage\"},\"image\":{\"@id\":\"https:\\\/\\\/www.hostin.sk\\\/de\\\/produkt\\\/zweireihige-spitzenabwehr-gegen-voegel-2\\\/#primaryimage\"},\"thumbnailUrl\":\"https:\\\/\\\/www.hostin.sk\\\/wp-content\\\/uploads\\\/2018\\\/03\\\/PL2T18S-115-1000-800x800-1.jpg\",\"datePublished\":\"2018-03-20T07:34:08+00:00\",\"dateModified\":\"2025-06-30T22:00:41+00:00\",\"breadcrumb\":{\"@id\":\"https:\\\/\\\/www.hostin.sk\\\/de\\\/produkt\\\/zweireihige-spitzenabwehr-gegen-voegel-2\\\/#breadcrumb\"},\"inLanguage\":\"de\",\"potentialAction\":[{\"@type\":\"ReadAction\",\"target\":[\"https:\\\/\\\/www.hostin.sk\\\/de\\\/produkt\\\/zweireihige-spitzenabwehr-gegen-voegel-2\\\/\"]}]},{\"@type\":\"ImageObject\",\"inLanguage\":\"de\",\"@id\":\"https:\\\/\\\/www.hostin.sk\\\/de\\\/produkt\\\/zweireihige-spitzenabwehr-gegen-voegel-2\\\/#primaryimage\",\"url\":\"https:\\\/\\\/www.hostin.sk\\\/wp-content\\\/uploads\\\/2018\\\/03\\\/PL2T18S-115-1000-800x800-1.jpg\",\"contentUrl\":\"https:\\\/\\\/www.hostin.sk\\\/wp-content\\\/uploads\\\/2018\\\/03\\\/PL2T18S-115-1000-800x800-1.jpg\",\"width\":800,\"height\":800},{\"@type\":\"BreadcrumbList\",\"@id\":\"https:\\\/\\\/www.hostin.sk\\\/de\\\/produkt\\\/zweireihige-spitzenabwehr-gegen-voegel-2\\\/#breadcrumb\",\"itemListElement\":[{\"@type\":\"ListItem\",\"position\":1,\"name\":\"Domov\",\"item\":\"https:\\\/\\\/www.hostin.sk\\\/de\\\/\"},{\"@type\":\"ListItem\",\"position\":2,\"name\":\"E-shop\",\"item\":\"https:\\\/\\\/www.hostin.sk\\\/de\\\/e-shop\\\/\"},{\"@type\":\"ListItem\",\"position\":3,\"name\":\"Abwehrsysteme nach Ausf\u00fchrung\",\"item\":\"https:\\\/\\\/www.hostin.sk\\\/de\\\/produktkategorie\\\/abwehrsysteme-nach-ausfuehrung\\\/\"},{\"@type\":\"ListItem\",\"position\":4,\"name\":\"Spike-System\",\"item\":\"https:\\\/\\\/www.hostin.sk\\\/de\\\/produktkategorie\\\/abwehrsysteme-nach-ausfuehrung\\\/spike-system\\\/\"},{\"@type\":\"ListItem\",\"position\":5,\"name\":\"2-reihige Spitzenabwehr\",\"item\":\"https:\\\/\\\/www.hostin.sk\\\/de\\\/produktkategorie\\\/abwehrsysteme-nach-ausfuehrung\\\/spike-system\\\/2-reihige-spitzenabwehr\\\/\"},{\"@type\":\"ListItem\",\"position\":6,\"name\":\"Zweireihige Spitzenabwehr gegen V\u00f6gel\"}]},{\"@type\":\"WebSite\",\"@id\":\"https:\\\/\\\/www.hostin.sk\\\/#website\",\"url\":\"https:\\\/\\\/www.hostin.sk\\\/\",\"name\":\"HOSTIN\",\"description\":\"Hroty proti vt\u00e1kom\",\"potentialAction\":[{\"@type\":\"SearchAction\",\"target\":{\"@type\":\"EntryPoint\",\"urlTemplate\":\"https:\\\/\\\/www.hostin.sk\\\/?s={search_term_string}\"},\"query-input\":{\"@type\":\"PropertyValueSpecification\",\"valueRequired\":true,\"valueName\":\"search_term_string\"}}],\"inLanguage\":\"de\"}]}<\/script>\n<!-- \/ Yoast SEO plugin. -->","yoast_head_json":{"title":"Zweireihige Spitzenabwehr gegen V\u00f6gel - HOSTIN","robots":{"index":"index","follow":"follow","max-snippet":"max-snippet:-1","max-image-preview":"max-image-preview:large","max-video-preview":"max-video-preview:-1"},"canonical":"https:\/\/www.hostin.sk\/de\/produkt\/zweireihige-spitzenabwehr-gegen-voegel-2\/","og_locale":"de_DE","og_type":"article","og_title":"Zweireihige Spitzenabwehr gegen V\u00f6gel - HOSTIN","og_description":"Diese vollst\u00e4ndig aus Edelstahl gefertigte Vogelabwehr mit zwei Reihen Spitzen f\u00fcr breitere Fl\u00e4chen (Schutzbreite bis 12 cm) ist besonders geeignet f\u00fcr die Absicherung von Konsolen, Tr\u00e4gern, schmalen Fensterb\u00e4nken und Gesimsen. Sie kann sowohl f\u00fcr einreihige als auch mehrreihige Installationen auf breiteren Fl\u00e4chen verwendet werden.\u00a0Sie sch\u00fctzt effektiv offene Fl\u00e4chen sowie einseitig geschlossene Bereiche.","og_url":"https:\/\/www.hostin.sk\/de\/produkt\/zweireihige-spitzenabwehr-gegen-voegel-2\/","og_site_name":"HOSTIN","article_modified_time":"2025-06-30T22:00:41+00:00","og_image":[{"width":800,"height":800,"url":"https:\/\/www.hostin.sk\/wp-content\/uploads\/2018\/03\/PL2T18S-115-1000-800x800-1.jpg","type":"image\/jpeg"}],"twitter_card":"summary_large_image","twitter_misc":{"Gesch\u00e4tzte Lesezeit":"1\u00a0Minute"},"schema":{"@context":"https:\/\/schema.org","@graph":[{"@type":"WebPage","@id":"https:\/\/www.hostin.sk\/de\/produkt\/zweireihige-spitzenabwehr-gegen-voegel-2\/","url":"https:\/\/www.hostin.sk\/de\/produkt\/zweireihige-spitzenabwehr-gegen-voegel-2\/","name":"Zweireihige Spitzenabwehr gegen V\u00f6gel - HOSTIN","isPartOf":{"@id":"https:\/\/www.hostin.sk\/#website"},"primaryImageOfPage":{"@id":"https:\/\/www.hostin.sk\/de\/produkt\/zweireihige-spitzenabwehr-gegen-voegel-2\/#primaryimage"},"image":{"@id":"https:\/\/www.hostin.sk\/de\/produkt\/zweireihige-spitzenabwehr-gegen-voegel-2\/#primaryimage"},"thumbnailUrl":"https:\/\/www.hostin.sk\/wp-content\/uploads\/2018\/03\/PL2T18S-115-1000-800x800-1.jpg","datePublished":"2018-03-20T07:34:08+00:00","dateModified":"2025-06-30T22:00:41+00:00","breadcrumb":{"@id":"https:\/\/www.hostin.sk\/de\/produkt\/zweireihige-spitzenabwehr-gegen-voegel-2\/#breadcrumb"},"inLanguage":"de","potentialAction":[{"@type":"ReadAction","target":["https:\/\/www.hostin.sk\/de\/produkt\/zweireihige-spitzenabwehr-gegen-voegel-2\/"]}]},{"@type":"ImageObject","inLanguage":"de","@id":"https:\/\/www.hostin.sk\/de\/produkt\/zweireihige-spitzenabwehr-gegen-voegel-2\/#primaryimage","url":"https:\/\/www.hostin.sk\/wp-content\/uploads\/2018\/03\/PL2T18S-115-1000-800x800-1.jpg","contentUrl":"https:\/\/www.hostin.sk\/wp-content\/uploads\/2018\/03\/PL2T18S-115-1000-800x800-1.jpg","width":800,"height":800},{"@type":"BreadcrumbList","@id":"https:\/\/www.hostin.sk\/de\/produkt\/zweireihige-spitzenabwehr-gegen-voegel-2\/#breadcrumb","itemListElement":[{"@type":"ListItem","position":1,"name":"Domov","item":"https:\/\/www.hostin.sk\/de\/"},{"@type":"ListItem","position":2,"name":"E-shop","item":"https:\/\/www.hostin.sk\/de\/e-shop\/"},{"@type":"ListItem","position":3,"name":"Abwehrsysteme nach Ausf\u00fchrung","item":"https:\/\/www.hostin.sk\/de\/produktkategorie\/abwehrsysteme-nach-ausfuehrung\/"},{"@type":"ListItem","position":4,"name":"Spike-System","item":"https:\/\/www.hostin.sk\/de\/produktkategorie\/abwehrsysteme-nach-ausfuehrung\/spike-system\/"},{"@type":"ListItem","position":5,"name":"2-reihige Spitzenabwehr","item":"https:\/\/www.hostin.sk\/de\/produktkategorie\/abwehrsysteme-nach-ausfuehrung\/spike-system\/2-reihige-spitzenabwehr\/"},{"@type":"ListItem","position":6,"name":"Zweireihige Spitzenabwehr gegen V\u00f6gel"}]},{"@type":"WebSite","@id":"https:\/\/www.hostin.sk\/#website","url":"https:\/\/www.hostin.sk\/","name":"HOSTIN","description":"Hroty proti vt\u00e1kom","potentialAction":[{"@type":"SearchAction","target":{"@type":"EntryPoint","urlTemplate":"https:\/\/www.hostin.sk\/?s={search_term_string}"},"query-input":{"@type":"PropertyValueSpecification","valueRequired":true,"valueName":"search_term_string"}}],"inLanguage":"de"}]}},"_links":{"self":[{"href":"https:\/\/www.hostin.sk\/de\/wp-json\/wp\/v2\/product\/9155","targetHints":{"allow":["GET"]}}],"collection":[{"href":"https:\/\/www.hostin.sk\/de\/wp-json\/wp\/v2\/product"}],"about":[{"href":"https:\/\/www.hostin.sk\/de\/wp-json\/wp\/v2\/types\/product"}],"wp:featuredmedia":[{"embeddable":true,"href":"https:\/\/www.hostin.sk\/de\/wp-json\/wp\/v2\/media\/8030"}],"wp:attachment":[{"href":"https:\/\/www.hostin.sk\/de\/wp-json\/wp\/v2\/media?parent=9155"}],"wp:term":[{"taxonomy":"product_brand","embeddable":true,"href":"https:\/\/www.hostin.sk\/de\/wp-json\/wp\/v2\/product_brand?post=9155"},{"taxonomy":"product_cat","embeddable":true,"href":"https:\/\/www.hostin.sk\/de\/wp-json\/wp\/v2\/product_cat?post=9155"},{"taxonomy":"product_tag","embeddable":true,"href":"https:\/\/www.hostin.sk\/de\/wp-json\/wp\/v2\/product_tag?post=9155"}],"curies":[{"name":"wp","href":"https:\/\/api.w.org\/{rel}","templated":true}]}}