{"id":10551,"date":"2025-07-15T13:37:00","date_gmt":"2025-07-15T11:37:00","guid":{"rendered":"https:\/\/www.hostin.sk\/?post_type=product&#038;p=10551"},"modified":"2025-07-15T13:37:00","modified_gmt":"2025-07-15T11:37:00","slug":"odkvapovy-hreben","status":"publish","type":"product","link":"https:\/\/www.hostin.sk\/de\/produkt\/odkvapovy-hreben\/","title":{"rendered":"Odkvapov\u00fd hrebe\u0148"},"content":{"rendered":"<p>Zabra\u0148uje vniknutiu vt\u00e1kov a drobn\u00fdch \u017eivo\u010d\u00edchov pod stre\u0161n\u00fa krytinu. Pru\u017en\u00e9 zuby sa prisp\u00f4sobia r\u00f4znym profilom striech, hust\u00e9 rozostupy a v\u00fd\u0161ka 7 cm z\u00e1rove\u0148 chr\u00e1nia pred ne\u010distotami. Zabezpe\u010duje optim\u00e1lne odvetranie a pom\u00e1ha predch\u00e1dza\u0165 kondenz\u00e1cii \u010di navlhnutiu izol\u00e1cie. Jednoduch\u00e1 mont\u00e1\u017e cez predv\u0155tan\u00fa li\u0161tu. Odoln\u00fd vo\u010di poveternostn\u00fdm vplyvom, stabilnej\u0161\u00ed a trv\u00e1cnej\u0161\u00ed ne\u017e plastov\u00e9 varianty.<\/p>\n","protected":false},"excerpt":{"rendered":"<p>Odkvapov\u00fd hrebe\u0148 z nehrdzavej\u00facej ocele<\/p>\n","protected":false},"featured_media":10555,"template":"","meta":{"_acf_changed":false},"product_brand":[],"product_cat":[59,58,211,212],"product_tag":[],"class_list":{"0":"post-10551","1":"product","2":"type-product","3":"status-publish","4":"has-post-thumbnail","6":"product_cat-1-radove-zabrany","7":"product_cat-hrotovy-system","8":"product_cat-pod-stresnu-krytinu","9":"product_cat-proti-vrabcom","11":"first","12":"instock","13":"taxable","14":"shipping-taxable","15":"purchasable","16":"product-type-simple"},"acf":[],"yoast_head":"<!-- This site is optimized with the Yoast SEO plugin v27.4 - https:\/\/yoast.com\/product\/yoast-seo-wordpress\/ -->\n<title>Odkvapov\u00fd hrebe\u0148 - HOSTIN<\/title>\n<meta name=\"description\" content=\"Odkvapov\u00fd hrebe\u0148 z nerezu \u2013 \u00fa\u010dinn\u00e1 ochrana pred vt\u00e1kmi a ne\u010distotami, s jednoduchou mont\u00e1\u017eou a dlhou \u017eivotnos\u0165ou. Ide\u00e1lne pre ka\u017ed\u00fa strechu.\" \/>\n<meta name=\"robots\" content=\"index, follow, max-snippet:-1, max-image-preview:large, max-video-preview:-1\" \/>\n<link rel=\"canonical\" href=\"https:\/\/www.hostin.sk\/produkt\/odkvapovy-hreben\/\" \/>\n<meta property=\"og:locale\" content=\"de_DE\" \/>\n<meta property=\"og:type\" content=\"article\" \/>\n<meta property=\"og:title\" content=\"Odkvapov\u00fd hrebe\u0148 - HOSTIN\" \/>\n<meta property=\"og:description\" content=\"Odkvapov\u00fd hrebe\u0148 z nerezu \u2013 \u00fa\u010dinn\u00e1 ochrana pred vt\u00e1kmi a ne\u010distotami, s jednoduchou mont\u00e1\u017eou a dlhou \u017eivotnos\u0165ou. Ide\u00e1lne pre ka\u017ed\u00fa strechu.\" \/>\n<meta property=\"og:url\" content=\"https:\/\/www.hostin.sk\/produkt\/odkvapovy-hreben\/\" \/>\n<meta property=\"og:site_name\" content=\"HOSTIN\" \/>\n<meta property=\"og:image\" content=\"https:\/\/www.hostin.sk\/wp-content\/uploads\/2025\/07\/20250710_103221.png\" \/>\n\t<meta property=\"og:image:width\" content=\"1547\" \/>\n\t<meta property=\"og:image:height\" content=\"1557\" \/>\n\t<meta property=\"og:image:type\" content=\"image\/png\" \/>\n<meta name=\"twitter:card\" content=\"summary_large_image\" \/>\n<meta name=\"twitter:label1\" content=\"Gesch\u00e4tzte Lesezeit\" \/>\n\t<meta name=\"twitter:data1\" content=\"1\u00a0Minute\" \/>\n<script type=\"application\/ld+json\" class=\"yoast-schema-graph\">{\"@context\":\"https:\\\/\\\/schema.org\",\"@graph\":[{\"@type\":\"WebPage\",\"@id\":\"https:\\\/\\\/www.hostin.sk\\\/produkt\\\/odkvapovy-hreben\\\/\",\"url\":\"https:\\\/\\\/www.hostin.sk\\\/produkt\\\/odkvapovy-hreben\\\/\",\"name\":\"Odkvapov\u00fd hrebe\u0148 - HOSTIN\",\"isPartOf\":{\"@id\":\"https:\\\/\\\/www.hostin.sk\\\/#website\"},\"primaryImageOfPage\":{\"@id\":\"https:\\\/\\\/www.hostin.sk\\\/produkt\\\/odkvapovy-hreben\\\/#primaryimage\"},\"image\":{\"@id\":\"https:\\\/\\\/www.hostin.sk\\\/produkt\\\/odkvapovy-hreben\\\/#primaryimage\"},\"thumbnailUrl\":\"https:\\\/\\\/www.hostin.sk\\\/wp-content\\\/uploads\\\/2025\\\/07\\\/20250710_103221.png\",\"datePublished\":\"2025-07-15T11:37:00+00:00\",\"description\":\"Odkvapov\u00fd hrebe\u0148 z nerezu \u2013 \u00fa\u010dinn\u00e1 ochrana pred vt\u00e1kmi a ne\u010distotami, s jednoduchou mont\u00e1\u017eou a dlhou \u017eivotnos\u0165ou. Ide\u00e1lne pre ka\u017ed\u00fa strechu.\",\"breadcrumb\":{\"@id\":\"https:\\\/\\\/www.hostin.sk\\\/produkt\\\/odkvapovy-hreben\\\/#breadcrumb\"},\"inLanguage\":\"de\",\"potentialAction\":[{\"@type\":\"ReadAction\",\"target\":[\"https:\\\/\\\/www.hostin.sk\\\/produkt\\\/odkvapovy-hreben\\\/\"]}]},{\"@type\":\"ImageObject\",\"inLanguage\":\"de\",\"@id\":\"https:\\\/\\\/www.hostin.sk\\\/produkt\\\/odkvapovy-hreben\\\/#primaryimage\",\"url\":\"https:\\\/\\\/www.hostin.sk\\\/wp-content\\\/uploads\\\/2025\\\/07\\\/20250710_103221.png\",\"contentUrl\":\"https:\\\/\\\/www.hostin.sk\\\/wp-content\\\/uploads\\\/2025\\\/07\\\/20250710_103221.png\",\"width\":1547,\"height\":1557},{\"@type\":\"BreadcrumbList\",\"@id\":\"https:\\\/\\\/www.hostin.sk\\\/produkt\\\/odkvapovy-hreben\\\/#breadcrumb\",\"itemListElement\":[{\"@type\":\"ListItem\",\"position\":1,\"name\":\"Domov\",\"item\":\"https:\\\/\\\/www.hostin.sk\\\/de\\\/\"},{\"@type\":\"ListItem\",\"position\":2,\"name\":\"E-shop\",\"item\":\"https:\\\/\\\/www.hostin.sk\\\/de\\\/e-shop\\\/\"},{\"@type\":\"ListItem\",\"position\":3,\"name\":\"Z\u00e1brany pod\u013ea prevedenia\",\"item\":\"https:\\\/\\\/www.hostin.sk\\\/kategoria-produktu\\\/podla-prevedenia\\\/\"},{\"@type\":\"ListItem\",\"position\":4,\"name\":\"Hrotov\u00fd syst\u00e9m\",\"item\":\"https:\\\/\\\/www.hostin.sk\\\/kategoria-produktu\\\/podla-prevedenia\\\/hrotovy-system\\\/\"},{\"@type\":\"ListItem\",\"position\":5,\"name\":\"Odkvapov\u00fd hrebe\u0148\"}]},{\"@type\":\"WebSite\",\"@id\":\"https:\\\/\\\/www.hostin.sk\\\/#website\",\"url\":\"https:\\\/\\\/www.hostin.sk\\\/\",\"name\":\"HOSTIN\",\"description\":\"Hroty proti vt\u00e1kom\",\"potentialAction\":[{\"@type\":\"SearchAction\",\"target\":{\"@type\":\"EntryPoint\",\"urlTemplate\":\"https:\\\/\\\/www.hostin.sk\\\/?s={search_term_string}\"},\"query-input\":{\"@type\":\"PropertyValueSpecification\",\"valueRequired\":true,\"valueName\":\"search_term_string\"}}],\"inLanguage\":\"de\"}]}<\/script>\n<!-- \/ Yoast SEO plugin. -->","yoast_head_json":{"title":"Odkvapov\u00fd hrebe\u0148 - HOSTIN","description":"Odkvapov\u00fd hrebe\u0148 z nerezu \u2013 \u00fa\u010dinn\u00e1 ochrana pred vt\u00e1kmi a ne\u010distotami, s jednoduchou mont\u00e1\u017eou a dlhou \u017eivotnos\u0165ou. Ide\u00e1lne pre ka\u017ed\u00fa strechu.","robots":{"index":"index","follow":"follow","max-snippet":"max-snippet:-1","max-image-preview":"max-image-preview:large","max-video-preview":"max-video-preview:-1"},"canonical":"https:\/\/www.hostin.sk\/produkt\/odkvapovy-hreben\/","og_locale":"de_DE","og_type":"article","og_title":"Odkvapov\u00fd hrebe\u0148 - HOSTIN","og_description":"Odkvapov\u00fd hrebe\u0148 z nerezu \u2013 \u00fa\u010dinn\u00e1 ochrana pred vt\u00e1kmi a ne\u010distotami, s jednoduchou mont\u00e1\u017eou a dlhou \u017eivotnos\u0165ou. Ide\u00e1lne pre ka\u017ed\u00fa strechu.","og_url":"https:\/\/www.hostin.sk\/produkt\/odkvapovy-hreben\/","og_site_name":"HOSTIN","og_image":[{"width":1547,"height":1557,"url":"https:\/\/www.hostin.sk\/wp-content\/uploads\/2025\/07\/20250710_103221.png","type":"image\/png"}],"twitter_card":"summary_large_image","twitter_misc":{"Gesch\u00e4tzte Lesezeit":"1\u00a0Minute"},"schema":{"@context":"https:\/\/schema.org","@graph":[{"@type":"WebPage","@id":"https:\/\/www.hostin.sk\/produkt\/odkvapovy-hreben\/","url":"https:\/\/www.hostin.sk\/produkt\/odkvapovy-hreben\/","name":"Odkvapov\u00fd hrebe\u0148 - HOSTIN","isPartOf":{"@id":"https:\/\/www.hostin.sk\/#website"},"primaryImageOfPage":{"@id":"https:\/\/www.hostin.sk\/produkt\/odkvapovy-hreben\/#primaryimage"},"image":{"@id":"https:\/\/www.hostin.sk\/produkt\/odkvapovy-hreben\/#primaryimage"},"thumbnailUrl":"https:\/\/www.hostin.sk\/wp-content\/uploads\/2025\/07\/20250710_103221.png","datePublished":"2025-07-15T11:37:00+00:00","description":"Odkvapov\u00fd hrebe\u0148 z nerezu \u2013 \u00fa\u010dinn\u00e1 ochrana pred vt\u00e1kmi a ne\u010distotami, s jednoduchou mont\u00e1\u017eou a dlhou \u017eivotnos\u0165ou. Ide\u00e1lne pre ka\u017ed\u00fa strechu.","breadcrumb":{"@id":"https:\/\/www.hostin.sk\/produkt\/odkvapovy-hreben\/#breadcrumb"},"inLanguage":"de","potentialAction":[{"@type":"ReadAction","target":["https:\/\/www.hostin.sk\/produkt\/odkvapovy-hreben\/"]}]},{"@type":"ImageObject","inLanguage":"de","@id":"https:\/\/www.hostin.sk\/produkt\/odkvapovy-hreben\/#primaryimage","url":"https:\/\/www.hostin.sk\/wp-content\/uploads\/2025\/07\/20250710_103221.png","contentUrl":"https:\/\/www.hostin.sk\/wp-content\/uploads\/2025\/07\/20250710_103221.png","width":1547,"height":1557},{"@type":"BreadcrumbList","@id":"https:\/\/www.hostin.sk\/produkt\/odkvapovy-hreben\/#breadcrumb","itemListElement":[{"@type":"ListItem","position":1,"name":"Domov","item":"https:\/\/www.hostin.sk\/de\/"},{"@type":"ListItem","position":2,"name":"E-shop","item":"https:\/\/www.hostin.sk\/de\/e-shop\/"},{"@type":"ListItem","position":3,"name":"Z\u00e1brany pod\u013ea prevedenia","item":"https:\/\/www.hostin.sk\/kategoria-produktu\/podla-prevedenia\/"},{"@type":"ListItem","position":4,"name":"Hrotov\u00fd syst\u00e9m","item":"https:\/\/www.hostin.sk\/kategoria-produktu\/podla-prevedenia\/hrotovy-system\/"},{"@type":"ListItem","position":5,"name":"Odkvapov\u00fd hrebe\u0148"}]},{"@type":"WebSite","@id":"https:\/\/www.hostin.sk\/#website","url":"https:\/\/www.hostin.sk\/","name":"HOSTIN","description":"Hroty proti vt\u00e1kom","potentialAction":[{"@type":"SearchAction","target":{"@type":"EntryPoint","urlTemplate":"https:\/\/www.hostin.sk\/?s={search_term_string}"},"query-input":{"@type":"PropertyValueSpecification","valueRequired":true,"valueName":"search_term_string"}}],"inLanguage":"de"}]}},"_links":{"self":[{"href":"https:\/\/www.hostin.sk\/de\/wp-json\/wp\/v2\/product\/10551","targetHints":{"allow":["GET"]}}],"collection":[{"href":"https:\/\/www.hostin.sk\/de\/wp-json\/wp\/v2\/product"}],"about":[{"href":"https:\/\/www.hostin.sk\/de\/wp-json\/wp\/v2\/types\/product"}],"wp:featuredmedia":[{"embeddable":true,"href":"https:\/\/www.hostin.sk\/de\/wp-json\/wp\/v2\/media\/10555"}],"wp:attachment":[{"href":"https:\/\/www.hostin.sk\/de\/wp-json\/wp\/v2\/media?parent=10551"}],"wp:term":[{"taxonomy":"product_brand","embeddable":true,"href":"https:\/\/www.hostin.sk\/de\/wp-json\/wp\/v2\/product_brand?post=10551"},{"taxonomy":"product_cat","embeddable":true,"href":"https:\/\/www.hostin.sk\/de\/wp-json\/wp\/v2\/product_cat?post=10551"},{"taxonomy":"product_tag","embeddable":true,"href":"https:\/\/www.hostin.sk\/de\/wp-json\/wp\/v2\/product_tag?post=10551"}],"curies":[{"name":"wp","href":"https:\/\/api.w.org\/{rel}","templated":true}]}}