{"id":10193,"date":"2018-03-20T10:29:12","date_gmt":"2018-03-20T09:29:12","guid":{"rendered":"https:\/\/www.hostin.sk\/produkt\/elektricka-zabrana-s-3-elektrodami\/"},"modified":"2025-03-15T19:52:13","modified_gmt":"2025-03-15T18:52:13","slug":"elektrische-vogelabwehr-mit-3-elektroden","status":"publish","type":"product","link":"https:\/\/www.hostin.sk\/de\/produkt\/elektrische-vogelabwehr-mit-3-elektroden\/","title":{"rendered":"Elektrische Vogelabwehr mit 3 Elektroden"},"content":{"rendered":"<p>Die elektrische Abwehr mit 3 Elektroden besteht aus Edelstahlplatten mit drei Reihen von Tr\u00e4gerst\u00e4ben, die an den Enden mit Isolatoren versehen sind. Diese werden in einem Abstand von ca. 35 cm auf dem zu sch\u00fctzenden Objekt (Fensterbank, Gesims usw.) entweder aufgeklebt oder verschraubt. In die vorbereiteten Halterungen werden Edelstahlst\u00e4be mit einem Durchmesser von 2 mm eingesetzt. \u00dcber die gesamte L\u00e4nge der Abwehr sind die St\u00e4be durch Edelstahlfedern elektrisch leitend miteinander verbunden. An diese Edelstahlst\u00e4be (Elektroden) wird eine Impulsspannung von ca. 5.000 Volt bei 16 mA angelegt. Dadurch wird verhindert, dass sich Tauben und andere V\u00f6gel dauerhaft auf den gesch\u00fctzten Fl\u00e4chen niederlassen oder dort nisten \u2013 ohne ihnen Schaden zuzuf\u00fcgen. Das System ist \u00e4u\u00dferst zuverl\u00e4ssig bei der Vogelabwehr, insbesondere gegen Tauben, Kr\u00e4hen, Spatzen und andere V\u00f6gel.<\/p>\n<p>Vor der Montage muss die Oberfl\u00e4che gereinigt und\u00a0<a href=\"https:\/\/www.hostin.sk\/produkt\/odmastovac-technicky-benzin-1-l\/\">entfettet<\/a> werden.<\/p>\n","protected":false},"excerpt":{"rendered":"<p>Elektrische Vogelabwehr mit 3 Reihen Tr\u00e4gerst\u00e4ben und Isolatoren.<\/p>\n","protected":false},"featured_media":7805,"template":"","meta":{"_acf_changed":false},"product_brand":[],"product_cat":[109],"product_tag":[],"class_list":{"0":"post-10193","1":"product","2":"type-product","3":"status-publish","4":"has-post-thumbnail","6":"product_cat-pins-auf-platte-spanndrahtabwehr","8":"first","9":"instock","10":"taxable","11":"shipping-taxable","12":"purchasable","13":"product-type-simple"},"acf":[],"yoast_head":"<!-- This site is optimized with the Yoast SEO plugin v27.4 - https:\/\/yoast.com\/product\/yoast-seo-wordpress\/ -->\n<title>Elektrische Vogelabwehr mit 3 Elektroden - HOSTIN<\/title>\n<meta name=\"description\" content=\"Elektrick\u00e1 z\u00e1brana s 3 radami elektr\u00f3d \u00fa\u010dinne zabra\u0148uje vt\u00e1kom v sadan\u00ed a hniezden\u00ed na parapetoch, r\u00edmsach a in\u00fdch ploch\u00e1ch.\" \/>\n<meta name=\"robots\" content=\"index, follow, max-snippet:-1, max-image-preview:large, max-video-preview:-1\" \/>\n<link rel=\"canonical\" href=\"https:\/\/www.hostin.sk\/de\/produkt\/elektrische-vogelabwehr-mit-3-elektroden\/\" \/>\n<meta property=\"og:locale\" content=\"de_DE\" \/>\n<meta property=\"og:type\" content=\"article\" \/>\n<meta property=\"og:title\" content=\"Elektrische Vogelabwehr mit 3 Elektroden - HOSTIN\" \/>\n<meta property=\"og:description\" content=\"Elektrick\u00e1 z\u00e1brana s 3 radami elektr\u00f3d \u00fa\u010dinne zabra\u0148uje vt\u00e1kom v sadan\u00ed a hniezden\u00ed na parapetoch, r\u00edmsach a in\u00fdch ploch\u00e1ch.\" \/>\n<meta property=\"og:url\" content=\"https:\/\/www.hostin.sk\/de\/produkt\/elektrische-vogelabwehr-mit-3-elektroden\/\" \/>\n<meta property=\"og:site_name\" content=\"HOSTIN\" \/>\n<meta property=\"article:modified_time\" content=\"2025-03-15T18:52:13+00:00\" \/>\n<meta property=\"og:image\" content=\"https:\/\/www.hostin.sk\/wp-content\/uploads\/2018\/03\/PL3T40E-081-0110-800x800-1.jpg\" \/>\n\t<meta property=\"og:image:width\" content=\"800\" \/>\n\t<meta property=\"og:image:height\" content=\"800\" \/>\n\t<meta property=\"og:image:type\" content=\"image\/jpeg\" \/>\n<meta name=\"twitter:card\" content=\"summary_large_image\" \/>\n<meta name=\"twitter:label1\" content=\"Gesch\u00e4tzte Lesezeit\" \/>\n\t<meta name=\"twitter:data1\" content=\"1\u00a0Minute\" \/>\n<script type=\"application\/ld+json\" class=\"yoast-schema-graph\">{\"@context\":\"https:\\\/\\\/schema.org\",\"@graph\":[{\"@type\":\"WebPage\",\"@id\":\"https:\\\/\\\/www.hostin.sk\\\/de\\\/produkt\\\/elektrische-vogelabwehr-mit-3-elektroden\\\/\",\"url\":\"https:\\\/\\\/www.hostin.sk\\\/de\\\/produkt\\\/elektrische-vogelabwehr-mit-3-elektroden\\\/\",\"name\":\"Elektrische Vogelabwehr mit 3 Elektroden - HOSTIN\",\"isPartOf\":{\"@id\":\"https:\\\/\\\/www.hostin.sk\\\/#website\"},\"primaryImageOfPage\":{\"@id\":\"https:\\\/\\\/www.hostin.sk\\\/de\\\/produkt\\\/elektrische-vogelabwehr-mit-3-elektroden\\\/#primaryimage\"},\"image\":{\"@id\":\"https:\\\/\\\/www.hostin.sk\\\/de\\\/produkt\\\/elektrische-vogelabwehr-mit-3-elektroden\\\/#primaryimage\"},\"thumbnailUrl\":\"https:\\\/\\\/www.hostin.sk\\\/wp-content\\\/uploads\\\/2018\\\/03\\\/PL3T40E-081-0110-800x800-1.jpg\",\"datePublished\":\"2018-03-20T09:29:12+00:00\",\"dateModified\":\"2025-03-15T18:52:13+00:00\",\"description\":\"Elektrick\u00e1 z\u00e1brana s 3 radami elektr\u00f3d \u00fa\u010dinne zabra\u0148uje vt\u00e1kom v sadan\u00ed a hniezden\u00ed na parapetoch, r\u00edmsach a in\u00fdch ploch\u00e1ch.\",\"breadcrumb\":{\"@id\":\"https:\\\/\\\/www.hostin.sk\\\/de\\\/produkt\\\/elektrische-vogelabwehr-mit-3-elektroden\\\/#breadcrumb\"},\"inLanguage\":\"de\",\"potentialAction\":[{\"@type\":\"ReadAction\",\"target\":[\"https:\\\/\\\/www.hostin.sk\\\/de\\\/produkt\\\/elektrische-vogelabwehr-mit-3-elektroden\\\/\"]}]},{\"@type\":\"ImageObject\",\"inLanguage\":\"de\",\"@id\":\"https:\\\/\\\/www.hostin.sk\\\/de\\\/produkt\\\/elektrische-vogelabwehr-mit-3-elektroden\\\/#primaryimage\",\"url\":\"https:\\\/\\\/www.hostin.sk\\\/wp-content\\\/uploads\\\/2018\\\/03\\\/PL3T40E-081-0110-800x800-1.jpg\",\"contentUrl\":\"https:\\\/\\\/www.hostin.sk\\\/wp-content\\\/uploads\\\/2018\\\/03\\\/PL3T40E-081-0110-800x800-1.jpg\",\"width\":800,\"height\":800},{\"@type\":\"BreadcrumbList\",\"@id\":\"https:\\\/\\\/www.hostin.sk\\\/de\\\/produkt\\\/elektrische-vogelabwehr-mit-3-elektroden\\\/#breadcrumb\",\"itemListElement\":[{\"@type\":\"ListItem\",\"position\":1,\"name\":\"Domov\",\"item\":\"https:\\\/\\\/www.hostin.sk\\\/de\\\/\"},{\"@type\":\"ListItem\",\"position\":2,\"name\":\"E-shop\",\"item\":\"https:\\\/\\\/www.hostin.sk\\\/de\\\/e-shop\\\/\"},{\"@type\":\"ListItem\",\"position\":3,\"name\":\"Abwehrsysteme nach Ausf\u00fchrung\",\"item\":\"https:\\\/\\\/www.hostin.sk\\\/de\\\/produktkategorie\\\/abwehrsysteme-nach-ausfuehrung\\\/\"},{\"@type\":\"ListItem\",\"position\":4,\"name\":\"Spanndrahtabwehr\",\"item\":\"https:\\\/\\\/www.hostin.sk\\\/de\\\/produktkategorie\\\/abwehrsysteme-nach-ausfuehrung\\\/spanndrahtabwehr\\\/\"},{\"@type\":\"ListItem\",\"position\":5,\"name\":\"Pins auf Platte\",\"item\":\"https:\\\/\\\/www.hostin.sk\\\/de\\\/produktkategorie\\\/abwehrsysteme-nach-ausfuehrung\\\/spanndrahtabwehr\\\/pins-auf-platte-spanndrahtabwehr\\\/\"},{\"@type\":\"ListItem\",\"position\":6,\"name\":\"Elektrische Vogelabwehr mit 3 Elektroden\"}]},{\"@type\":\"WebSite\",\"@id\":\"https:\\\/\\\/www.hostin.sk\\\/#website\",\"url\":\"https:\\\/\\\/www.hostin.sk\\\/\",\"name\":\"HOSTIN\",\"description\":\"Hroty proti vt\u00e1kom\",\"potentialAction\":[{\"@type\":\"SearchAction\",\"target\":{\"@type\":\"EntryPoint\",\"urlTemplate\":\"https:\\\/\\\/www.hostin.sk\\\/?s={search_term_string}\"},\"query-input\":{\"@type\":\"PropertyValueSpecification\",\"valueRequired\":true,\"valueName\":\"search_term_string\"}}],\"inLanguage\":\"de\"}]}<\/script>\n<!-- \/ Yoast SEO plugin. -->","yoast_head_json":{"title":"Elektrische Vogelabwehr mit 3 Elektroden - HOSTIN","description":"Elektrick\u00e1 z\u00e1brana s 3 radami elektr\u00f3d \u00fa\u010dinne zabra\u0148uje vt\u00e1kom v sadan\u00ed a hniezden\u00ed na parapetoch, r\u00edmsach a in\u00fdch ploch\u00e1ch.","robots":{"index":"index","follow":"follow","max-snippet":"max-snippet:-1","max-image-preview":"max-image-preview:large","max-video-preview":"max-video-preview:-1"},"canonical":"https:\/\/www.hostin.sk\/de\/produkt\/elektrische-vogelabwehr-mit-3-elektroden\/","og_locale":"de_DE","og_type":"article","og_title":"Elektrische Vogelabwehr mit 3 Elektroden - HOSTIN","og_description":"Elektrick\u00e1 z\u00e1brana s 3 radami elektr\u00f3d \u00fa\u010dinne zabra\u0148uje vt\u00e1kom v sadan\u00ed a hniezden\u00ed na parapetoch, r\u00edmsach a in\u00fdch ploch\u00e1ch.","og_url":"https:\/\/www.hostin.sk\/de\/produkt\/elektrische-vogelabwehr-mit-3-elektroden\/","og_site_name":"HOSTIN","article_modified_time":"2025-03-15T18:52:13+00:00","og_image":[{"width":800,"height":800,"url":"https:\/\/www.hostin.sk\/wp-content\/uploads\/2018\/03\/PL3T40E-081-0110-800x800-1.jpg","type":"image\/jpeg"}],"twitter_card":"summary_large_image","twitter_misc":{"Gesch\u00e4tzte Lesezeit":"1\u00a0Minute"},"schema":{"@context":"https:\/\/schema.org","@graph":[{"@type":"WebPage","@id":"https:\/\/www.hostin.sk\/de\/produkt\/elektrische-vogelabwehr-mit-3-elektroden\/","url":"https:\/\/www.hostin.sk\/de\/produkt\/elektrische-vogelabwehr-mit-3-elektroden\/","name":"Elektrische Vogelabwehr mit 3 Elektroden - HOSTIN","isPartOf":{"@id":"https:\/\/www.hostin.sk\/#website"},"primaryImageOfPage":{"@id":"https:\/\/www.hostin.sk\/de\/produkt\/elektrische-vogelabwehr-mit-3-elektroden\/#primaryimage"},"image":{"@id":"https:\/\/www.hostin.sk\/de\/produkt\/elektrische-vogelabwehr-mit-3-elektroden\/#primaryimage"},"thumbnailUrl":"https:\/\/www.hostin.sk\/wp-content\/uploads\/2018\/03\/PL3T40E-081-0110-800x800-1.jpg","datePublished":"2018-03-20T09:29:12+00:00","dateModified":"2025-03-15T18:52:13+00:00","description":"Elektrick\u00e1 z\u00e1brana s 3 radami elektr\u00f3d \u00fa\u010dinne zabra\u0148uje vt\u00e1kom v sadan\u00ed a hniezden\u00ed na parapetoch, r\u00edmsach a in\u00fdch ploch\u00e1ch.","breadcrumb":{"@id":"https:\/\/www.hostin.sk\/de\/produkt\/elektrische-vogelabwehr-mit-3-elektroden\/#breadcrumb"},"inLanguage":"de","potentialAction":[{"@type":"ReadAction","target":["https:\/\/www.hostin.sk\/de\/produkt\/elektrische-vogelabwehr-mit-3-elektroden\/"]}]},{"@type":"ImageObject","inLanguage":"de","@id":"https:\/\/www.hostin.sk\/de\/produkt\/elektrische-vogelabwehr-mit-3-elektroden\/#primaryimage","url":"https:\/\/www.hostin.sk\/wp-content\/uploads\/2018\/03\/PL3T40E-081-0110-800x800-1.jpg","contentUrl":"https:\/\/www.hostin.sk\/wp-content\/uploads\/2018\/03\/PL3T40E-081-0110-800x800-1.jpg","width":800,"height":800},{"@type":"BreadcrumbList","@id":"https:\/\/www.hostin.sk\/de\/produkt\/elektrische-vogelabwehr-mit-3-elektroden\/#breadcrumb","itemListElement":[{"@type":"ListItem","position":1,"name":"Domov","item":"https:\/\/www.hostin.sk\/de\/"},{"@type":"ListItem","position":2,"name":"E-shop","item":"https:\/\/www.hostin.sk\/de\/e-shop\/"},{"@type":"ListItem","position":3,"name":"Abwehrsysteme nach Ausf\u00fchrung","item":"https:\/\/www.hostin.sk\/de\/produktkategorie\/abwehrsysteme-nach-ausfuehrung\/"},{"@type":"ListItem","position":4,"name":"Spanndrahtabwehr","item":"https:\/\/www.hostin.sk\/de\/produktkategorie\/abwehrsysteme-nach-ausfuehrung\/spanndrahtabwehr\/"},{"@type":"ListItem","position":5,"name":"Pins auf Platte","item":"https:\/\/www.hostin.sk\/de\/produktkategorie\/abwehrsysteme-nach-ausfuehrung\/spanndrahtabwehr\/pins-auf-platte-spanndrahtabwehr\/"},{"@type":"ListItem","position":6,"name":"Elektrische Vogelabwehr mit 3 Elektroden"}]},{"@type":"WebSite","@id":"https:\/\/www.hostin.sk\/#website","url":"https:\/\/www.hostin.sk\/","name":"HOSTIN","description":"Hroty proti vt\u00e1kom","potentialAction":[{"@type":"SearchAction","target":{"@type":"EntryPoint","urlTemplate":"https:\/\/www.hostin.sk\/?s={search_term_string}"},"query-input":{"@type":"PropertyValueSpecification","valueRequired":true,"valueName":"search_term_string"}}],"inLanguage":"de"}]}},"_links":{"self":[{"href":"https:\/\/www.hostin.sk\/de\/wp-json\/wp\/v2\/product\/10193","targetHints":{"allow":["GET"]}}],"collection":[{"href":"https:\/\/www.hostin.sk\/de\/wp-json\/wp\/v2\/product"}],"about":[{"href":"https:\/\/www.hostin.sk\/de\/wp-json\/wp\/v2\/types\/product"}],"wp:featuredmedia":[{"embeddable":true,"href":"https:\/\/www.hostin.sk\/de\/wp-json\/wp\/v2\/media\/7805"}],"wp:attachment":[{"href":"https:\/\/www.hostin.sk\/de\/wp-json\/wp\/v2\/media?parent=10193"}],"wp:term":[{"taxonomy":"product_brand","embeddable":true,"href":"https:\/\/www.hostin.sk\/de\/wp-json\/wp\/v2\/product_brand?post=10193"},{"taxonomy":"product_cat","embeddable":true,"href":"https:\/\/www.hostin.sk\/de\/wp-json\/wp\/v2\/product_cat?post=10193"},{"taxonomy":"product_tag","embeddable":true,"href":"https:\/\/www.hostin.sk\/de\/wp-json\/wp\/v2\/product_tag?post=10193"}],"curies":[{"name":"wp","href":"https:\/\/api.w.org\/{rel}","templated":true}]}}