{"id":9065,"date":"2024-05-08T21:49:37","date_gmt":"2024-05-08T19:49:37","guid":{"rendered":"https:\/\/www.hostin.sk\/miesto-aplikacie\/"},"modified":"2025-03-15T17:52:56","modified_gmt":"2025-03-15T16:52:56","slug":"einsatzort","status":"publish","type":"page","link":"https:\/\/www.hostin.sk\/de\/einsatzort\/","title":{"rendered":"Einsatzort"},"content":{"rendered":"","protected":false},"excerpt":{"rendered":"<p>Die meisten Bauelemente k\u00f6nnen mit verschiedenen Arten von Abwehrsystemen gesch\u00fctzt werden, w\u00e4hrend f\u00fcr einige nur ein spezieller Typ geeignet ist. Daher geben wir f\u00fcr jede Abwehrart mithilfe eines Symbols den Anwendungsbereich an \u2013 also f\u00fcr welches Bauelement der jeweilige Abwehrtyp vorrangig vorgesehen ist.<\/p>\n","protected":false},"author":1,"featured_media":0,"parent":0,"menu_order":0,"comment_status":"closed","ping_status":"closed","template":"","meta":{"_acf_changed":false,"footnotes":""},"class_list":["post-9065","page","type-page","status-publish","hentry"],"acf":[],"yoast_head":"<!-- This site is optimized with the Yoast SEO plugin v27.4 - https:\/\/yoast.com\/product\/yoast-seo-wordpress\/ -->\n<title>Einsatzort - HOSTIN<\/title>\n<meta name=\"robots\" content=\"index, follow, max-snippet:-1, max-image-preview:large, max-video-preview:-1\" \/>\n<link rel=\"canonical\" href=\"https:\/\/www.hostin.sk\/de\/einsatzort\/\" \/>\n<meta property=\"og:locale\" content=\"de_DE\" \/>\n<meta property=\"og:type\" content=\"article\" \/>\n<meta property=\"og:title\" content=\"Einsatzort - HOSTIN\" \/>\n<meta property=\"og:description\" content=\"Die meisten Bauelemente k\u00f6nnen mit verschiedenen Arten von Abwehrsystemen gesch\u00fctzt werden, w\u00e4hrend f\u00fcr einige nur ein spezieller Typ geeignet ist. Daher geben wir f\u00fcr jede Abwehrart mithilfe eines Symbols den Anwendungsbereich an \u2013 also f\u00fcr welches Bauelement der jeweilige Abwehrtyp vorrangig vorgesehen ist.\" \/>\n<meta property=\"og:url\" content=\"https:\/\/www.hostin.sk\/de\/einsatzort\/\" \/>\n<meta property=\"og:site_name\" content=\"HOSTIN\" \/>\n<meta property=\"article:modified_time\" content=\"2025-03-15T16:52:56+00:00\" \/>\n<meta name=\"twitter:card\" content=\"summary_large_image\" \/>\n<script type=\"application\/ld+json\" class=\"yoast-schema-graph\">{\"@context\":\"https:\\\/\\\/schema.org\",\"@graph\":[{\"@type\":\"WebPage\",\"@id\":\"https:\\\/\\\/www.hostin.sk\\\/de\\\/einsatzort\\\/\",\"url\":\"https:\\\/\\\/www.hostin.sk\\\/de\\\/einsatzort\\\/\",\"name\":\"Einsatzort - HOSTIN\",\"isPartOf\":{\"@id\":\"https:\\\/\\\/www.hostin.sk\\\/#website\"},\"datePublished\":\"2024-05-08T19:49:37+00:00\",\"dateModified\":\"2025-03-15T16:52:56+00:00\",\"breadcrumb\":{\"@id\":\"https:\\\/\\\/www.hostin.sk\\\/de\\\/einsatzort\\\/#breadcrumb\"},\"inLanguage\":\"de\",\"potentialAction\":[{\"@type\":\"ReadAction\",\"target\":[\"https:\\\/\\\/www.hostin.sk\\\/de\\\/einsatzort\\\/\"]}]},{\"@type\":\"BreadcrumbList\",\"@id\":\"https:\\\/\\\/www.hostin.sk\\\/de\\\/einsatzort\\\/#breadcrumb\",\"itemListElement\":[{\"@type\":\"ListItem\",\"position\":1,\"name\":\"Domov\",\"item\":\"https:\\\/\\\/www.hostin.sk\\\/de\\\/\"},{\"@type\":\"ListItem\",\"position\":2,\"name\":\"Einsatzort\"}]},{\"@type\":\"WebSite\",\"@id\":\"https:\\\/\\\/www.hostin.sk\\\/#website\",\"url\":\"https:\\\/\\\/www.hostin.sk\\\/\",\"name\":\"HOSTIN\",\"description\":\"Hroty proti vt\u00e1kom\",\"potentialAction\":[{\"@type\":\"SearchAction\",\"target\":{\"@type\":\"EntryPoint\",\"urlTemplate\":\"https:\\\/\\\/www.hostin.sk\\\/?s={search_term_string}\"},\"query-input\":{\"@type\":\"PropertyValueSpecification\",\"valueRequired\":true,\"valueName\":\"search_term_string\"}}],\"inLanguage\":\"de\"}]}<\/script>\n<!-- \/ Yoast SEO plugin. -->","yoast_head_json":{"title":"Einsatzort - HOSTIN","robots":{"index":"index","follow":"follow","max-snippet":"max-snippet:-1","max-image-preview":"max-image-preview:large","max-video-preview":"max-video-preview:-1"},"canonical":"https:\/\/www.hostin.sk\/de\/einsatzort\/","og_locale":"de_DE","og_type":"article","og_title":"Einsatzort - HOSTIN","og_description":"Die meisten Bauelemente k\u00f6nnen mit verschiedenen Arten von Abwehrsystemen gesch\u00fctzt werden, w\u00e4hrend f\u00fcr einige nur ein spezieller Typ geeignet ist. Daher geben wir f\u00fcr jede Abwehrart mithilfe eines Symbols den Anwendungsbereich an \u2013 also f\u00fcr welches Bauelement der jeweilige Abwehrtyp vorrangig vorgesehen ist.","og_url":"https:\/\/www.hostin.sk\/de\/einsatzort\/","og_site_name":"HOSTIN","article_modified_time":"2025-03-15T16:52:56+00:00","twitter_card":"summary_large_image","schema":{"@context":"https:\/\/schema.org","@graph":[{"@type":"WebPage","@id":"https:\/\/www.hostin.sk\/de\/einsatzort\/","url":"https:\/\/www.hostin.sk\/de\/einsatzort\/","name":"Einsatzort - HOSTIN","isPartOf":{"@id":"https:\/\/www.hostin.sk\/#website"},"datePublished":"2024-05-08T19:49:37+00:00","dateModified":"2025-03-15T16:52:56+00:00","breadcrumb":{"@id":"https:\/\/www.hostin.sk\/de\/einsatzort\/#breadcrumb"},"inLanguage":"de","potentialAction":[{"@type":"ReadAction","target":["https:\/\/www.hostin.sk\/de\/einsatzort\/"]}]},{"@type":"BreadcrumbList","@id":"https:\/\/www.hostin.sk\/de\/einsatzort\/#breadcrumb","itemListElement":[{"@type":"ListItem","position":1,"name":"Domov","item":"https:\/\/www.hostin.sk\/de\/"},{"@type":"ListItem","position":2,"name":"Einsatzort"}]},{"@type":"WebSite","@id":"https:\/\/www.hostin.sk\/#website","url":"https:\/\/www.hostin.sk\/","name":"HOSTIN","description":"Hroty proti vt\u00e1kom","potentialAction":[{"@type":"SearchAction","target":{"@type":"EntryPoint","urlTemplate":"https:\/\/www.hostin.sk\/?s={search_term_string}"},"query-input":{"@type":"PropertyValueSpecification","valueRequired":true,"valueName":"search_term_string"}}],"inLanguage":"de"}]}},"_links":{"self":[{"href":"https:\/\/www.hostin.sk\/de\/wp-json\/wp\/v2\/pages\/9065","targetHints":{"allow":["GET"]}}],"collection":[{"href":"https:\/\/www.hostin.sk\/de\/wp-json\/wp\/v2\/pages"}],"about":[{"href":"https:\/\/www.hostin.sk\/de\/wp-json\/wp\/v2\/types\/page"}],"author":[{"embeddable":true,"href":"https:\/\/www.hostin.sk\/de\/wp-json\/wp\/v2\/users\/1"}],"replies":[{"embeddable":true,"href":"https:\/\/www.hostin.sk\/de\/wp-json\/wp\/v2\/comments?post=9065"}],"version-history":[{"count":0,"href":"https:\/\/www.hostin.sk\/de\/wp-json\/wp\/v2\/pages\/9065\/revisions"}],"wp:attachment":[{"href":"https:\/\/www.hostin.sk\/de\/wp-json\/wp\/v2\/media?parent=9065"}],"curies":[{"name":"wp","href":"https:\/\/api.w.org\/{rel}","templated":true}]}}